{"id":130,"date":"2025-08-20T14:35:36","date_gmt":"2025-08-20T12:35:36","guid":{"rendered":"https:\/\/debickaprawnik.pl\/?page_id=130"},"modified":"2025-08-20T15:38:52","modified_gmt":"2025-08-20T13:38:52","slug":"rodo","status":"publish","type":"page","link":"https:\/\/debickaprawnik.pl\/?page_id=130","title":{"rendered":"RODO"},"content":{"rendered":"\n<h2 class=\"wp-block-heading\"><strong>Klauzule RODO (zgoda i informacja)<\/strong><\/h2>\n\n\n\n<ol class=\"wp-block-list\">\n<li><strong>Zgoda na przetwarzanie danych osobowych:<\/strong><br>\u201eWyra\u017cam zgod\u0119 na przetwarzanie moich danych osobowych przez Joann\u0119 D\u0119bick\u0105 w celu \u015bwiadczenia us\u0142ug prawnych online, realizacji p\u0142atno\u015bci oraz kontaktu w sprawie mojego zapytania zgodnie z Polityk\u0105 Prywatno\u015bci.\u201d<\/li>\n\n\n\n<li><strong>Informacja o prawach:<\/strong><br>\u201eZgodnie z RODO przys\u0142uguje Ci prawo dost\u0119pu do danych, ich sprostowania, usuni\u0119cia, ograniczenia przetwarzania, przenoszenia danych oraz prawo wniesienia sprzeciwu wobec przetwarzania. W celu skorzystania z tych praw prosimy o kontakt mailowy na adres podany w serwisie.\u201d<\/li>\n<\/ol>\n\n\n\n<p><\/p>\n","protected":false},"excerpt":{"rendered":"<p>Klauzule RODO (zgoda i informacja)<\/p>\n","protected":false},"author":1,"featured_media":0,"parent":0,"menu_order":0,"comment_status":"closed","ping_status":"closed","template":"","meta":{"om_disable_all_campaigns":false,"_monsterinsights_skip_tracking":false,"_monsterinsights_sitenote_active":false,"_monsterinsights_sitenote_note":"","_monsterinsights_sitenote_category":0,"footnotes":""},"categories":[],"tags":[],"class_list":["post-130","page","type-page","status-publish","hentry"],"aioseo_notices":[],"_links":{"self":[{"href":"https:\/\/debickaprawnik.pl\/index.php?rest_route=\/wp\/v2\/pages\/130","targetHints":{"allow":["GET"]}}],"collection":[{"href":"https:\/\/debickaprawnik.pl\/index.php?rest_route=\/wp\/v2\/pages"}],"about":[{"href":"https:\/\/debickaprawnik.pl\/index.php?rest_route=\/wp\/v2\/types\/page"}],"author":[{"embeddable":true,"href":"https:\/\/debickaprawnik.pl\/index.php?rest_route=\/wp\/v2\/users\/1"}],"replies":[{"embeddable":true,"href":"https:\/\/debickaprawnik.pl\/index.php?rest_route=%2Fwp%2Fv2%2Fcomments&post=130"}],"version-history":[{"count":2,"href":"https:\/\/debickaprawnik.pl\/index.php?rest_route=\/wp\/v2\/pages\/130\/revisions"}],"predecessor-version":[{"id":137,"href":"https:\/\/debickaprawnik.pl\/index.php?rest_route=\/wp\/v2\/pages\/130\/revisions\/137"}],"wp:attachment":[{"href":"https:\/\/debickaprawnik.pl\/index.php?rest_route=%2Fwp%2Fv2%2Fmedia&parent=130"}],"wp:term":[{"taxonomy":"category","embeddable":true,"href":"https:\/\/debickaprawnik.pl\/index.php?rest_route=%2Fwp%2Fv2%2Fcategories&post=130"},{"taxonomy":"post_tag","embeddable":true,"href":"https:\/\/debickaprawnik.pl\/index.php?rest_route=%2Fwp%2Fv2%2Ftags&post=130"}],"curies":[{"name":"wp","href":"https:\/\/api.w.org\/{rel}","templated":true}]}}