{"id":143,"date":"2025-08-20T15:50:48","date_gmt":"2025-08-20T13:50:48","guid":{"rendered":"https:\/\/debickaprawnik.pl\/?page_id=143"},"modified":"2026-01-06T16:01:32","modified_gmt":"2026-01-06T15:01:32","slug":"analiza-i-korekta-umow-sprawdz-kazdy-dokument-zanim-podpiszesz","status":"publish","type":"page","link":"https:\/\/debickaprawnik.pl\/?page_id=143","title":{"rendered":"Analiza i korekta um\u00f3w \u2013 sprawd\u017a ka\u017cdy dokument, zanim podpiszesz"},"content":{"rendered":"\t\t<div data-elementor-type=\"wp-page\" data-elementor-id=\"143\" class=\"elementor elementor-143\">\n\t\t\t\t<div class=\"elementor-element elementor-element-c4ee5eb e-grid e-con-boxed e-con e-parent\" data-id=\"c4ee5eb\" data-element_type=\"container\">\n\t\t\t\t\t<div class=\"e-con-inner\">\n\t\t\t\t<div class=\"elementor-element elementor-element-146fd7c elementor-widget elementor-widget-text-editor\" data-id=\"146fd7c\" data-element_type=\"widget\" data-widget_type=\"text-editor.default\">\n\t\t\t\t\t\t\t\t\t\n<p><strong>Ka\u017cd\u0105 umow\u0119 trzeba sprawdzi\u0107.<\/strong> Nawet je\u015bli zosta\u0142a przygotowana przez drug\u0105 stron\u0119 lub wygl\u0105da profesjonalnie \u2013 zawsze mog\u0105 si\u0119 w niej kry\u0107 zapisy niekorzystne, niejasne albo wr\u0119cz ryzykowne. Dlatego warto zleci\u0107 analiz\u0119 prawn\u0105 przed z\u0142o\u017ceniem podpisu. Dzi\u0119ki mojej us\u0142udze zyskasz pewno\u015b\u0107, \u017ce Twoja umowa jest zgodna z prawem i realnie zabezpiecza Twoje interesy.<\/p>\n\n<p><strong>Najcz\u0119\u015bciej analizuj\u0119 i poprawiam:<\/strong><\/p>\n\n<ul class=\"wp-block-list\">\n<li><strong>umowy biznesowe:<\/strong> B2B, wsp\u00f3\u0142pracy, podwykonawcze, joint venture, NDA,<\/li>\n\n<li><strong>umowy IT i online:<\/strong> wdro\u017ceniowe, SLA, licencyjne, o przeniesienie praw autorskich, regulaminy serwis\u00f3w,<\/li>\n\n<li><strong>umowy dla tw\u00f3rc\u00f3w i artyst\u00f3w:<\/strong> wydawnicze, producenckie, koncertowe, agencyjne,<\/li>\n\n<li><strong>umowy inwestycyjne i startupowe:<\/strong> umowy inwestor\u2013za\u0142o\u017cyciel, umowy wsp\u00f3lnik\u00f3w, umowy o \u015bwiadczenie us\u0142ug w modelu equity,<\/li>\n\n<li><strong>umowy bran\u017cy kreatywnej i architektonicznej:<\/strong> umowy z klientami, umowy o przeniesienie praw do projekt\u00f3w, umowy o dzie\u0142o.<\/li>\n<\/ul>\n\n<p><strong>Jak to dzia\u0142a?<\/strong><\/p>\n\n<ol class=\"wp-block-list\">\n<li>Wype\u0142nij formularz i za\u0142\u0105cz umow\u0119 do sprawdzenia. Opisz, czego dotyczy dokument i na co mam zwr\u00f3ci\u0107 szczeg\u00f3ln\u0105 uwag\u0119.<\/li>\n\n<li>W ci\u0105gu tego samego dnia roboczego otrzymasz wycen\u0119 us\u0142ugi (ceny zaczynaj\u0105 si\u0119 od 199 z\u0142 brutto).<\/li>\n\n<li>Je\u015bli zaakceptujesz ofert\u0119, dokonaj wp\u0142aty na konto bankowe lub BLIKiem.<\/li>\n\n<li>W ci\u0105gu 2\u20134 dni roboczych otrzymasz <strong>poprawion\u0105 umow\u0119 wraz z komentarzami i sugestiami<\/strong>, kt\u00f3re jasno poka\u017c\u0105 Ci, gdzie by\u0142y ryzyka i jak je wyeliminowa\u0107.<\/li>\n<\/ol>\n\t\t\t\t\t\t\t\t<\/div>\n\t\t\t\t<div class=\"elementor-element elementor-element-49e81c2 elementor-widget elementor-widget-shortcode\" data-id=\"49e81c2\" data-element_type=\"widget\" data-widget_type=\"shortcode.default\">\n\t\t\t\t\t\t\t<div class=\"elementor-shortcode\">\n<div class=\"wpcf7 no-js\" id=\"wpcf7-f121-o1\" lang=\"pl-PL\" dir=\"ltr\" data-wpcf7-id=\"121\">\n<div class=\"screen-reader-response\"><p role=\"status\" aria-live=\"polite\" aria-atomic=\"true\"><\/p> <ul><\/ul><\/div>\n<form action=\"\/index.php?rest_route=%2Fwp%2Fv2%2Fpages%2F143#wpcf7-f121-o1\" method=\"post\" class=\"wpcf7-form init\" aria-label=\"Formularz kontaktowy\" enctype=\"multipart\/form-data\" novalidate=\"novalidate\" data-status=\"init\">\n<fieldset class=\"hidden-fields-container\"><input type=\"hidden\" name=\"_wpcf7\" value=\"121\" \/><input type=\"hidden\" name=\"_wpcf7_version\" value=\"6.1.1\" \/><input type=\"hidden\" name=\"_wpcf7_locale\" value=\"pl_PL\" \/><input type=\"hidden\" name=\"_wpcf7_unit_tag\" value=\"wpcf7-f121-o1\" \/><input type=\"hidden\" name=\"_wpcf7_container_post\" value=\"0\" \/><input type=\"hidden\" name=\"_wpcf7_posted_data_hash\" value=\"\" \/>\n<\/fieldset>\n<p>Imi\u0119 i nazwisko (wymagane)\n<\/p>\n<p><span class=\"wpcf7-form-control-wrap\" data-name=\"your-name\"><input size=\"40\" maxlength=\"400\" class=\"wpcf7-form-control wpcf7-text wpcf7-validates-as-required\" aria-required=\"true\" aria-invalid=\"false\" placeholder=\"Twoje imi\u0119 i nazwisko\" value=\"\" type=\"text\" name=\"your-name\" \/><\/span>\n<\/p>\n<p>Adres e-mail (wymagane)\n<\/p>\n<p><span class=\"wpcf7-form-control-wrap\" data-name=\"your-email\"><input size=\"40\" maxlength=\"400\" class=\"wpcf7-form-control wpcf7-email wpcf7-validates-as-required wpcf7-text wpcf7-validates-as-email\" aria-required=\"true\" aria-invalid=\"false\" placeholder=\"Tw\u00f3j e-mail\" value=\"\" type=\"email\" name=\"your-email\" \/><\/span>\n<\/p>\n<p>Temat\n<\/p>\n<p><span class=\"wpcf7-form-control-wrap\" data-name=\"your-subject\"><input size=\"40\" maxlength=\"400\" class=\"wpcf7-form-control wpcf7-text\" aria-invalid=\"false\" placeholder=\"Temat wiadomo\u015bci\" value=\"\" type=\"text\" name=\"your-subject\" \/><\/span>\n<\/p>\n<p>Wiadomo\u015b\u0107\n<\/p>\n<p><span class=\"wpcf7-form-control-wrap\" data-name=\"your-message\"><textarea cols=\"40\" rows=\"10\" maxlength=\"2000\" class=\"wpcf7-form-control wpcf7-textarea wpcf7-validates-as-required\" aria-required=\"true\" aria-invalid=\"false\" placeholder=\"Twoja wiadomo\u015b\u0107\" name=\"your-message\"><\/textarea><\/span>\n<\/p>\n<p>Za\u0142\u0105cz plik\n<\/p>\n<p><span class=\"wpcf7-form-control-wrap\" data-name=\"your-file\"><input size=\"40\" class=\"wpcf7-form-control wpcf7-file\" accept=\".pdf,.doc,.docx,.jpg,.png\" aria-invalid=\"false\" type=\"file\" name=\"your-file\" \/><\/span>\n<\/p>\n<p><span class=\"wpcf7-form-control-wrap\" data-name=\"regulamin\"><span class=\"wpcf7-form-control wpcf7-checkbox wpcf7-validates-as-required\"><span class=\"wpcf7-list-item first last\"><label><input type=\"checkbox\" name=\"regulamin[]\" value=\"O\u015bwiadczam, \u017ce zapozna\u0142am\/em si\u0119 i akceptuj\u0119 poni\u017csze:\" \/><span class=\"wpcf7-list-item-label\">O\u015bwiadczam, \u017ce zapozna\u0142am\/em si\u0119 i akceptuj\u0119 poni\u017csze:<\/span><\/label><\/span><\/span><\/span>\n<\/p>\n<p><a href=\"https:\/\/debickaprawnik.pl\/?page_id=125\" target=\"_blank\">Regulamin<\/a>,<br \/>\n<a href=\"https:\/\/debickaprawnik.pl\/?page_id=127\" target=\"_blank\">Polityk\u0119 prywatno\u015bci<\/a><br \/>\noraz <a href=\"https:\/\/debickaprawnik.pl\/?page_id=130\" target=\"_blank\">RODO<\/a>.\n<\/p>\n<p><input class=\"wpcf7-form-control wpcf7-submit has-spinner\" type=\"submit\" value=\"Wy\u015blij\" \/>\n<\/p><div class=\"wpcf7-response-output\" aria-hidden=\"true\"><\/div>\n<\/form>\n<\/div>\n<\/div>\n\t\t\t\t\t\t<\/div>\n\t\t\t\t\t<\/div>\n\t\t\t\t<\/div>\n\t\t<div class=\"elementor-element elementor-element-560b33d e-flex e-con-boxed e-con e-parent\" data-id=\"560b33d\" data-element_type=\"container\">\n\t\t\t\t\t<div class=\"e-con-inner\">\n\t\t\t\t<div class=\"elementor-element elementor-element-be344ce elementor-widget elementor-widget-text-editor\" data-id=\"be344ce\" data-element_type=\"widget\" data-widget_type=\"text-editor.default\">\n\t\t\t\t\t\t\t\t\t<p>Numer konta do wp\u0142at: ING 94 1050 1924 1000 0091 4661 8575<br \/>lub BLIK: 725296479.<br \/>W tytule przelewu prosz\u0119 wpisa\u0107 imi\u0119 i nazwisko \u2013 jest to warunek wykonania us\u0142ugi we wskazanym czasie<\/p>\t\t\t\t\t\t\t\t<\/div>\n\t\t\t\t\t<\/div>\n\t\t\t\t<\/div>\n\t\t\t\t<\/div>\n\t\t","protected":false},"excerpt":{"rendered":"<p>Ka\u017cd\u0105 umow\u0119 trzeba sprawdzi\u0107. Nawet je\u015bli zosta\u0142a przygotowana przez drug\u0105 stron\u0119 lub wygl\u0105da profesjonalnie \u2013 zawsze mog\u0105 si\u0119 w niej kry\u0107 zapisy niekorzystne, niejasne albo wr\u0119cz ryzykowne. Dlatego warto zleci\u0107 analiz\u0119 prawn\u0105 przed z\u0142o\u017ceniem podpisu. Dzi\u0119ki mojej us\u0142udze zyskasz pewno\u015b\u0107, \u017ce Twoja umowa jest zgodna z prawem i realnie zabezpiecza Twoje interesy. Najcz\u0119\u015bciej analizuj\u0119 i&hellip;<\/p>\n<p class=\"more-link\"><a href=\"https:\/\/debickaprawnik.pl\/?page_id=143\" class=\"themebutton2\">Read More<\/a><\/p>\n","protected":false},"author":1,"featured_media":0,"parent":0,"menu_order":0,"comment_status":"closed","ping_status":"closed","template":"","meta":{"om_disable_all_campaigns":false,"_monsterinsights_skip_tracking":false,"_monsterinsights_sitenote_active":false,"_monsterinsights_sitenote_note":"","_monsterinsights_sitenote_category":0,"footnotes":""},"categories":[],"tags":[],"class_list":["post-143","page","type-page","status-publish","hentry"],"aioseo_notices":[],"_links":{"self":[{"href":"https:\/\/debickaprawnik.pl\/index.php?rest_route=\/wp\/v2\/pages\/143","targetHints":{"allow":["GET"]}}],"collection":[{"href":"https:\/\/debickaprawnik.pl\/index.php?rest_route=\/wp\/v2\/pages"}],"about":[{"href":"https:\/\/debickaprawnik.pl\/index.php?rest_route=\/wp\/v2\/types\/page"}],"author":[{"embeddable":true,"href":"https:\/\/debickaprawnik.pl\/index.php?rest_route=\/wp\/v2\/users\/1"}],"replies":[{"embeddable":true,"href":"https:\/\/debickaprawnik.pl\/index.php?rest_route=%2Fwp%2Fv2%2Fcomments&post=143"}],"version-history":[{"count":16,"href":"https:\/\/debickaprawnik.pl\/index.php?rest_route=\/wp\/v2\/pages\/143\/revisions"}],"predecessor-version":[{"id":563,"href":"https:\/\/debickaprawnik.pl\/index.php?rest_route=\/wp\/v2\/pages\/143\/revisions\/563"}],"wp:attachment":[{"href":"https:\/\/debickaprawnik.pl\/index.php?rest_route=%2Fwp%2Fv2%2Fmedia&parent=143"}],"wp:term":[{"taxonomy":"category","embeddable":true,"href":"https:\/\/debickaprawnik.pl\/index.php?rest_route=%2Fwp%2Fv2%2Fcategories&post=143"},{"taxonomy":"post_tag","embeddable":true,"href":"https:\/\/debickaprawnik.pl\/index.php?rest_route=%2Fwp%2Fv2%2Ftags&post=143"}],"curies":[{"name":"wp","href":"https:\/\/api.w.org\/{rel}","templated":true}]}}