{"id":145,"date":"2025-08-20T15:51:54","date_gmt":"2025-08-20T13:51:54","guid":{"rendered":"https:\/\/debickaprawnik.pl\/?page_id=145"},"modified":"2026-01-06T15:59:59","modified_gmt":"2026-01-06T14:59:59","slug":"projektowanie-umow-szytych-na-miare-twojego-biznesu","status":"publish","type":"page","link":"https:\/\/debickaprawnik.pl\/?page_id=145","title":{"rendered":"Projektowanie um\u00f3w szytych na miar\u0119 Twojego biznesu"},"content":{"rendered":"\t\t<div data-elementor-type=\"wp-page\" data-elementor-id=\"145\" class=\"elementor elementor-145\">\n\t\t\t\t<div class=\"elementor-element elementor-element-7f902b8 e-grid e-con-boxed e-con e-parent\" data-id=\"7f902b8\" data-element_type=\"container\">\n\t\t\t\t\t<div class=\"e-con-inner\">\n\t\t\t\t<div class=\"elementor-element elementor-element-18cba14f elementor-widget elementor-widget-text-editor\" data-id=\"18cba14f\" data-element_type=\"widget\" data-widget_type=\"text-editor.default\">\n\t\t\t\t\t\t\t\t\t\n<p><strong>Potrzebujesz umowy szytej na miar\u0119?<br \/><\/strong>Umowa to podstawa ka\u017cdej wsp\u00f3\u0142pracy. Ka\u017cdy biznes i ka\u017cda relacja gospodarcza to unikalna sytuacja, kt\u00f3ra wymaga odpowiednich zapis\u00f3w prawnych. Zamiast korzysta\u0107 z og\u00f3lnych szablon\u00f3w z internetu, stworz\u0119 dla Ciebie <strong>umow\u0119 dopasowan\u0105 do Twoich realnych potrzeb i ryzyk<\/strong>.<\/p>\n\n<p><strong>Przyk\u0142adowe umowy, kt\u00f3re przygotowuj\u0119:<\/strong><\/p>\n\n<ul class=\"wp-block-list\">\n<li><strong>dla biznesu online i IT:<\/strong> umowy o \u015bwiadczenie us\u0142ug IT, wdro\u017ceniowe, SLA, umowy licencyjne, umowy o przeniesienie praw autorskich, umowy o poufno\u015bci (NDA), regulaminy serwis\u00f3w internetowych,<\/li>\n\n<li><strong>dla tw\u00f3rc\u00f3w i artyst\u00f3w:<\/strong> umowy o dzie\u0142o, umowy wydawnicze, umowy z agencjami, umowy koncertowe i producenckie,<\/li>\n\n<li><strong>dla startup\u00f3w i przedsi\u0119biorc\u00f3w:<\/strong> umowy inwestycyjne, umowy sp\u00f3\u0142ek, umowy B2B, umowy wsp\u00f3\u0142pracy, joint venture, umowy o \u015bwiadczenie us\u0142ug,<\/li>\n\n<li><strong>dla architekt\u00f3w i bran\u017cy kreatywnej:<\/strong> umowy z klientami, umowy z podwykonawcami, umowy na przeniesienie praw do projekt\u00f3w architektonicznych i graficznych.<\/li>\n<\/ul>\n\n<p><strong>Jak to dzia\u0142a?<\/strong><\/p>\n\n<ol class=\"wp-block-list\">\n<li>Wype\u0142nij formularz i dok\u0142adnie opisz, jakiej umowy potrzebujesz \u2013 cel, strony, najwa\u017cniejsze warunki. Im wi\u0119cej szczeg\u00f3\u0142\u00f3w, tym lepiej.<\/li>\n\n<li>W ci\u0105gu tego samego dnia roboczego otrzymasz wycen\u0119 us\u0142ugi (ceny zaczynaj\u0105 si\u0119 od 249 z\u0142 brutto).<\/li>\n\n<li>Je\u015bli zaakceptujesz ofert\u0119, dokonaj wp\u0142aty na konto bankowe lub BLIKiem.<\/li>\n<li>W ci\u0105gu 1\u20135 dni roboczych otrzymasz <strong>gotowy projekt umowy prosto na maila<\/strong>, z uwzgl\u0119dnieniem Twojej sytuacji i interes\u00f3w.<\/li>\n<\/ol>\n\t\t\t\t\t\t\t\t<\/div>\n\t\t\t\t<div class=\"elementor-element elementor-element-b88c486 elementor-widget elementor-widget-shortcode\" data-id=\"b88c486\" data-element_type=\"widget\" data-widget_type=\"shortcode.default\">\n\t\t\t\t\t\t\t<div class=\"elementor-shortcode\">\n<div class=\"wpcf7 no-js\" id=\"wpcf7-f121-o1\" lang=\"pl-PL\" dir=\"ltr\" data-wpcf7-id=\"121\">\n<div class=\"screen-reader-response\"><p role=\"status\" aria-live=\"polite\" aria-atomic=\"true\"><\/p> <ul><\/ul><\/div>\n<form action=\"\/index.php?rest_route=%2Fwp%2Fv2%2Fpages%2F145#wpcf7-f121-o1\" method=\"post\" class=\"wpcf7-form init\" aria-label=\"Formularz kontaktowy\" enctype=\"multipart\/form-data\" novalidate=\"novalidate\" data-status=\"init\">\n<fieldset class=\"hidden-fields-container\"><input type=\"hidden\" name=\"_wpcf7\" value=\"121\" \/><input type=\"hidden\" name=\"_wpcf7_version\" value=\"6.1.1\" \/><input type=\"hidden\" name=\"_wpcf7_locale\" value=\"pl_PL\" \/><input type=\"hidden\" name=\"_wpcf7_unit_tag\" value=\"wpcf7-f121-o1\" \/><input type=\"hidden\" name=\"_wpcf7_container_post\" value=\"0\" \/><input type=\"hidden\" name=\"_wpcf7_posted_data_hash\" value=\"\" \/>\n<\/fieldset>\n<p>Imi\u0119 i nazwisko (wymagane)\n<\/p>\n<p><span class=\"wpcf7-form-control-wrap\" data-name=\"your-name\"><input size=\"40\" maxlength=\"400\" class=\"wpcf7-form-control wpcf7-text wpcf7-validates-as-required\" aria-required=\"true\" aria-invalid=\"false\" placeholder=\"Twoje imi\u0119 i nazwisko\" value=\"\" type=\"text\" name=\"your-name\" \/><\/span>\n<\/p>\n<p>Adres e-mail (wymagane)\n<\/p>\n<p><span class=\"wpcf7-form-control-wrap\" data-name=\"your-email\"><input size=\"40\" maxlength=\"400\" class=\"wpcf7-form-control wpcf7-email wpcf7-validates-as-required wpcf7-text wpcf7-validates-as-email\" aria-required=\"true\" aria-invalid=\"false\" placeholder=\"Tw\u00f3j e-mail\" value=\"\" type=\"email\" name=\"your-email\" \/><\/span>\n<\/p>\n<p>Temat\n<\/p>\n<p><span class=\"wpcf7-form-control-wrap\" data-name=\"your-subject\"><input size=\"40\" maxlength=\"400\" class=\"wpcf7-form-control wpcf7-text\" aria-invalid=\"false\" placeholder=\"Temat wiadomo\u015bci\" value=\"\" type=\"text\" name=\"your-subject\" \/><\/span>\n<\/p>\n<p>Wiadomo\u015b\u0107\n<\/p>\n<p><span class=\"wpcf7-form-control-wrap\" data-name=\"your-message\"><textarea cols=\"40\" rows=\"10\" maxlength=\"2000\" class=\"wpcf7-form-control wpcf7-textarea wpcf7-validates-as-required\" aria-required=\"true\" aria-invalid=\"false\" placeholder=\"Twoja wiadomo\u015b\u0107\" name=\"your-message\"><\/textarea><\/span>\n<\/p>\n<p>Za\u0142\u0105cz plik\n<\/p>\n<p><span class=\"wpcf7-form-control-wrap\" data-name=\"your-file\"><input size=\"40\" class=\"wpcf7-form-control wpcf7-file\" accept=\".pdf,.doc,.docx,.jpg,.png\" aria-invalid=\"false\" type=\"file\" name=\"your-file\" \/><\/span>\n<\/p>\n<p><span class=\"wpcf7-form-control-wrap\" data-name=\"regulamin\"><span class=\"wpcf7-form-control wpcf7-checkbox wpcf7-validates-as-required\"><span class=\"wpcf7-list-item first last\"><label><input type=\"checkbox\" name=\"regulamin[]\" value=\"O\u015bwiadczam, \u017ce zapozna\u0142am\/em si\u0119 i akceptuj\u0119 poni\u017csze:\" \/><span class=\"wpcf7-list-item-label\">O\u015bwiadczam, \u017ce zapozna\u0142am\/em si\u0119 i akceptuj\u0119 poni\u017csze:<\/span><\/label><\/span><\/span><\/span>\n<\/p>\n<p><a href=\"https:\/\/debickaprawnik.pl\/?page_id=125\" target=\"_blank\">Regulamin<\/a>,<br \/>\n<a href=\"https:\/\/debickaprawnik.pl\/?page_id=127\" target=\"_blank\">Polityk\u0119 prywatno\u015bci<\/a><br \/>\noraz <a href=\"https:\/\/debickaprawnik.pl\/?page_id=130\" target=\"_blank\">RODO<\/a>.\n<\/p>\n<p><input class=\"wpcf7-form-control wpcf7-submit has-spinner\" type=\"submit\" value=\"Wy\u015blij\" \/>\n<\/p><div class=\"wpcf7-response-output\" aria-hidden=\"true\"><\/div>\n<\/form>\n<\/div>\n<\/div>\n\t\t\t\t\t\t<\/div>\n\t\t\t\t\t<\/div>\n\t\t\t\t<\/div>\n\t\t<div class=\"elementor-element elementor-element-4597ade e-flex e-con-boxed e-con e-parent\" data-id=\"4597ade\" data-element_type=\"container\">\n\t\t\t\t\t<div class=\"e-con-inner\">\n\t\t\t\t<div class=\"elementor-element elementor-element-52e1a2d elementor-widget elementor-widget-text-editor\" data-id=\"52e1a2d\" data-element_type=\"widget\" data-widget_type=\"text-editor.default\">\n\t\t\t\t\t\t\t\t\t<p>Numer konta do wp\u0142at: ING 94 1050 1924 1000 0091 4661 8575<br \/>lub BLIK: 725296479.<br \/>W tytule przelewu prosz\u0119 wpisa\u0107 imi\u0119 i nazwisko \u2013 jest to warunek wykonania us\u0142ugi we wskazanym czasie<\/p>\t\t\t\t\t\t\t\t<\/div>\n\t\t\t\t\t<\/div>\n\t\t\t\t<\/div>\n\t\t\t\t<\/div>\n\t\t","protected":false},"excerpt":{"rendered":"<p>Potrzebujesz umowy szytej na miar\u0119?Umowa to podstawa ka\u017cdej wsp\u00f3\u0142pracy. Ka\u017cdy biznes i ka\u017cda relacja gospodarcza to unikalna sytuacja, kt\u00f3ra wymaga odpowiednich zapis\u00f3w prawnych. Zamiast korzysta\u0107 z og\u00f3lnych szablon\u00f3w z internetu, stworz\u0119 dla Ciebie umow\u0119 dopasowan\u0105 do Twoich realnych potrzeb i ryzyk. Przyk\u0142adowe umowy, kt\u00f3re przygotowuj\u0119: Jak to dzia\u0142a?<\/p>\n","protected":false},"author":1,"featured_media":0,"parent":0,"menu_order":0,"comment_status":"closed","ping_status":"closed","template":"","meta":{"om_disable_all_campaigns":false,"_monsterinsights_skip_tracking":false,"_monsterinsights_sitenote_active":false,"_monsterinsights_sitenote_note":"","_monsterinsights_sitenote_category":0,"footnotes":""},"categories":[],"tags":[],"class_list":["post-145","page","type-page","status-publish","hentry"],"aioseo_notices":[],"_links":{"self":[{"href":"https:\/\/debickaprawnik.pl\/index.php?rest_route=\/wp\/v2\/pages\/145","targetHints":{"allow":["GET"]}}],"collection":[{"href":"https:\/\/debickaprawnik.pl\/index.php?rest_route=\/wp\/v2\/pages"}],"about":[{"href":"https:\/\/debickaprawnik.pl\/index.php?rest_route=\/wp\/v2\/types\/page"}],"author":[{"embeddable":true,"href":"https:\/\/debickaprawnik.pl\/index.php?rest_route=\/wp\/v2\/users\/1"}],"replies":[{"embeddable":true,"href":"https:\/\/debickaprawnik.pl\/index.php?rest_route=%2Fwp%2Fv2%2Fcomments&post=145"}],"version-history":[{"count":22,"href":"https:\/\/debickaprawnik.pl\/index.php?rest_route=\/wp\/v2\/pages\/145\/revisions"}],"predecessor-version":[{"id":557,"href":"https:\/\/debickaprawnik.pl\/index.php?rest_route=\/wp\/v2\/pages\/145\/revisions\/557"}],"wp:attachment":[{"href":"https:\/\/debickaprawnik.pl\/index.php?rest_route=%2Fwp%2Fv2%2Fmedia&parent=145"}],"wp:term":[{"taxonomy":"category","embeddable":true,"href":"https:\/\/debickaprawnik.pl\/index.php?rest_route=%2Fwp%2Fv2%2Fcategories&post=145"},{"taxonomy":"post_tag","embeddable":true,"href":"https:\/\/debickaprawnik.pl\/index.php?rest_route=%2Fwp%2Fv2%2Ftags&post=145"}],"curies":[{"name":"wp","href":"https:\/\/api.w.org\/{rel}","templated":true}]}}