{"id":147,"date":"2025-08-20T15:52:38","date_gmt":"2025-08-20T13:52:38","guid":{"rendered":"https:\/\/debickaprawnik.pl\/?page_id=147"},"modified":"2026-01-06T16:02:31","modified_gmt":"2026-01-06T15:02:31","slug":"stala-obsluga-prawna-dla-twojego-biznesu-bezpieczenstwo-na-co-dzien","status":"publish","type":"page","link":"https:\/\/debickaprawnik.pl\/?page_id=147","title":{"rendered":"Sta\u0142a obs\u0142uga prawna dla Twojego biznesu \u2013 bezpiecze\u0144stwo na co dzie\u0144"},"content":{"rendered":"\t\t<div data-elementor-type=\"wp-page\" data-elementor-id=\"147\" class=\"elementor elementor-147\">\n\t\t\t\t<div class=\"elementor-element elementor-element-e020022 e-grid e-con-boxed e-con e-parent\" data-id=\"e020022\" data-element_type=\"container\">\n\t\t\t\t\t<div class=\"e-con-inner\">\n\t\t\t\t<div class=\"elementor-element elementor-element-4547fec5 elementor-widget elementor-widget-text-editor\" data-id=\"4547fec5\" data-element_type=\"widget\" data-widget_type=\"text-editor.default\">\n\t\t\t\t\t\t\t\t\t\n<p>Ka\u017cdy biznes potrzebuje prawnika. Nawet je\u015bli dzi\u015b nie masz problem\u00f3w prawnych, jutro mog\u0105 pojawi\u0107 si\u0119 pytania o umow\u0119, regulamin, ochron\u0119 praw autorskich czy rozliczenia ze wsp\u00f3\u0142pracownikami. Sta\u0142a obs\u0142uga prawna to spos\u00f3b, by\u015b zawsze mia\u0142 prawnika \u201epod r\u0119k\u0105\u201d \u2013 bez czekania i bez przep\u0142acania za pojedyncze konsultacje.<\/p>\n\n<p>Ca\u0142a wsp\u00f3\u0142praca odbywa si\u0119 zdalnie \u2013 szybko, wygodnie i bez zb\u0119dnej biurokracji.<\/p>\n\n<p>W ramach sta\u0142ej obs\u0142ugi prawnej otrzymujesz:<\/p>\n\n<ul class=\"wp-block-list\">\n<li>indywidualne podej\u015bcie bez szablon\u00f3w i gotowc\u00f3w,<\/li>\n\n<li>bie\u017c\u0105ce doradztwo prawne online dok\u0142adnie tam, gdzie i kiedy go potrzebujesz,<\/li>\n\n<li>projektowanie um\u00f3w \u201eod zera\u201d, zgodnych z Twoim modelem dzia\u0142ania,<\/li>\n\n<li>analiz\u0119 i korekt\u0119 istniej\u0105cych kontrakt\u00f3w \u2013 z naciskiem na bezpiecze\u0144stwo i klarowno\u015b\u0107 zapis\u00f3w,<\/li>\n\n<li>wsparcie w kontaktach z kontrahentami, podwykonawcami czy inwestorami.<\/li>\n<\/ul>\n\n<p><strong>Jak to dzia\u0142a?<\/strong><\/p>\n\n<ol>\n<li>Wype\u0142nij formularz i opisz sw\u00f3j problem prawny lub pytanie, z kt\u00f3rym chcesz si\u0119 zg\u0142osi\u0107.<\/li>\n<li>W ci\u0105gu tego samego dnia roboczego otrzymasz propozycj\u0119 modelu wsp\u00f3\u0142pracy i wycen\u0119.<\/li>\n<li>Je\u015bli zaakceptujesz ofert\u0119, dokonaj wp\u0142aty na konto bankowe lub BLIKiem.<\/li>\n<\/ol>\n\t\t\t\t\t\t\t\t<\/div>\n\t\t\t\t<div class=\"elementor-element elementor-element-e53c706 elementor-widget elementor-widget-shortcode\" data-id=\"e53c706\" data-element_type=\"widget\" data-widget_type=\"shortcode.default\">\n\t\t\t\t\t\t\t<div class=\"elementor-shortcode\">\n<div class=\"wpcf7 no-js\" id=\"wpcf7-f121-o1\" lang=\"pl-PL\" dir=\"ltr\" data-wpcf7-id=\"121\">\n<div class=\"screen-reader-response\"><p role=\"status\" aria-live=\"polite\" aria-atomic=\"true\"><\/p> <ul><\/ul><\/div>\n<form action=\"\/index.php?rest_route=%2Fwp%2Fv2%2Fpages%2F147#wpcf7-f121-o1\" method=\"post\" class=\"wpcf7-form init\" aria-label=\"Formularz kontaktowy\" enctype=\"multipart\/form-data\" novalidate=\"novalidate\" data-status=\"init\">\n<fieldset class=\"hidden-fields-container\"><input type=\"hidden\" name=\"_wpcf7\" value=\"121\" \/><input type=\"hidden\" name=\"_wpcf7_version\" value=\"6.1.1\" \/><input type=\"hidden\" name=\"_wpcf7_locale\" value=\"pl_PL\" \/><input type=\"hidden\" name=\"_wpcf7_unit_tag\" value=\"wpcf7-f121-o1\" \/><input type=\"hidden\" name=\"_wpcf7_container_post\" value=\"0\" \/><input type=\"hidden\" name=\"_wpcf7_posted_data_hash\" value=\"\" \/>\n<\/fieldset>\n<p>Imi\u0119 i nazwisko (wymagane)\n<\/p>\n<p><span class=\"wpcf7-form-control-wrap\" data-name=\"your-name\"><input size=\"40\" maxlength=\"400\" class=\"wpcf7-form-control wpcf7-text wpcf7-validates-as-required\" aria-required=\"true\" aria-invalid=\"false\" placeholder=\"Twoje imi\u0119 i nazwisko\" value=\"\" type=\"text\" name=\"your-name\" \/><\/span>\n<\/p>\n<p>Adres e-mail (wymagane)\n<\/p>\n<p><span class=\"wpcf7-form-control-wrap\" data-name=\"your-email\"><input size=\"40\" maxlength=\"400\" class=\"wpcf7-form-control wpcf7-email wpcf7-validates-as-required wpcf7-text wpcf7-validates-as-email\" aria-required=\"true\" aria-invalid=\"false\" placeholder=\"Tw\u00f3j e-mail\" value=\"\" type=\"email\" name=\"your-email\" \/><\/span>\n<\/p>\n<p>Temat\n<\/p>\n<p><span class=\"wpcf7-form-control-wrap\" data-name=\"your-subject\"><input size=\"40\" maxlength=\"400\" class=\"wpcf7-form-control wpcf7-text\" aria-invalid=\"false\" placeholder=\"Temat wiadomo\u015bci\" value=\"\" type=\"text\" name=\"your-subject\" \/><\/span>\n<\/p>\n<p>Wiadomo\u015b\u0107\n<\/p>\n<p><span class=\"wpcf7-form-control-wrap\" data-name=\"your-message\"><textarea cols=\"40\" rows=\"10\" maxlength=\"2000\" class=\"wpcf7-form-control wpcf7-textarea wpcf7-validates-as-required\" aria-required=\"true\" aria-invalid=\"false\" placeholder=\"Twoja wiadomo\u015b\u0107\" name=\"your-message\"><\/textarea><\/span>\n<\/p>\n<p>Za\u0142\u0105cz plik\n<\/p>\n<p><span class=\"wpcf7-form-control-wrap\" data-name=\"your-file\"><input size=\"40\" class=\"wpcf7-form-control wpcf7-file\" accept=\".pdf,.doc,.docx,.jpg,.png\" aria-invalid=\"false\" type=\"file\" name=\"your-file\" \/><\/span>\n<\/p>\n<p><span class=\"wpcf7-form-control-wrap\" data-name=\"regulamin\"><span class=\"wpcf7-form-control wpcf7-checkbox wpcf7-validates-as-required\"><span class=\"wpcf7-list-item first last\"><label><input type=\"checkbox\" name=\"regulamin[]\" value=\"O\u015bwiadczam, \u017ce zapozna\u0142am\/em si\u0119 i akceptuj\u0119 poni\u017csze:\" \/><span class=\"wpcf7-list-item-label\">O\u015bwiadczam, \u017ce zapozna\u0142am\/em si\u0119 i akceptuj\u0119 poni\u017csze:<\/span><\/label><\/span><\/span><\/span>\n<\/p>\n<p><a href=\"https:\/\/debickaprawnik.pl\/?page_id=125\" target=\"_blank\">Regulamin<\/a>,<br \/>\n<a href=\"https:\/\/debickaprawnik.pl\/?page_id=127\" target=\"_blank\">Polityk\u0119 prywatno\u015bci<\/a><br \/>\noraz <a href=\"https:\/\/debickaprawnik.pl\/?page_id=130\" target=\"_blank\">RODO<\/a>.\n<\/p>\n<p><input class=\"wpcf7-form-control wpcf7-submit has-spinner\" type=\"submit\" value=\"Wy\u015blij\" \/>\n<\/p><div class=\"wpcf7-response-output\" aria-hidden=\"true\"><\/div>\n<\/form>\n<\/div>\n<\/div>\n\t\t\t\t\t\t<\/div>\n\t\t\t\t\t<\/div>\n\t\t\t\t<\/div>\n\t\t<div class=\"elementor-element elementor-element-247c9811 e-flex e-con-boxed e-con e-parent\" data-id=\"247c9811\" data-element_type=\"container\">\n\t\t\t\t\t<div class=\"e-con-inner\">\n\t\t\t\t\t<\/div>\n\t\t\t\t<\/div>\n\t\t\t\t<\/div>\n\t\t","protected":false},"excerpt":{"rendered":"<p>Ka\u017cdy biznes potrzebuje prawnika. Nawet je\u015bli dzi\u015b nie masz problem\u00f3w prawnych, jutro mog\u0105 pojawi\u0107 si\u0119 pytania o umow\u0119, regulamin, ochron\u0119 praw autorskich czy rozliczenia ze wsp\u00f3\u0142pracownikami. Sta\u0142a obs\u0142uga prawna to spos\u00f3b, by\u015b zawsze mia\u0142 prawnika \u201epod r\u0119k\u0105\u201d \u2013 bez czekania i bez przep\u0142acania za pojedyncze konsultacje. Ca\u0142a wsp\u00f3\u0142praca odbywa si\u0119 zdalnie \u2013 szybko, wygodnie i&hellip;<\/p>\n<p class=\"more-link\"><a href=\"https:\/\/debickaprawnik.pl\/?page_id=147\" class=\"themebutton2\">Read More<\/a><\/p>\n","protected":false},"author":1,"featured_media":0,"parent":0,"menu_order":0,"comment_status":"closed","ping_status":"closed","template":"","meta":{"om_disable_all_campaigns":false,"_monsterinsights_skip_tracking":false,"_monsterinsights_sitenote_active":false,"_monsterinsights_sitenote_note":"","_monsterinsights_sitenote_category":0,"footnotes":""},"categories":[],"tags":[],"class_list":["post-147","page","type-page","status-publish","hentry"],"aioseo_notices":[],"_links":{"self":[{"href":"https:\/\/debickaprawnik.pl\/index.php?rest_route=\/wp\/v2\/pages\/147","targetHints":{"allow":["GET"]}}],"collection":[{"href":"https:\/\/debickaprawnik.pl\/index.php?rest_route=\/wp\/v2\/pages"}],"about":[{"href":"https:\/\/debickaprawnik.pl\/index.php?rest_route=\/wp\/v2\/types\/page"}],"author":[{"embeddable":true,"href":"https:\/\/debickaprawnik.pl\/index.php?rest_route=\/wp\/v2\/users\/1"}],"replies":[{"embeddable":true,"href":"https:\/\/debickaprawnik.pl\/index.php?rest_route=%2Fwp%2Fv2%2Fcomments&post=147"}],"version-history":[{"count":16,"href":"https:\/\/debickaprawnik.pl\/index.php?rest_route=\/wp\/v2\/pages\/147\/revisions"}],"predecessor-version":[{"id":566,"href":"https:\/\/debickaprawnik.pl\/index.php?rest_route=\/wp\/v2\/pages\/147\/revisions\/566"}],"wp:attachment":[{"href":"https:\/\/debickaprawnik.pl\/index.php?rest_route=%2Fwp%2Fv2%2Fmedia&parent=147"}],"wp:term":[{"taxonomy":"category","embeddable":true,"href":"https:\/\/debickaprawnik.pl\/index.php?rest_route=%2Fwp%2Fv2%2Fcategories&post=147"},{"taxonomy":"post_tag","embeddable":true,"href":"https:\/\/debickaprawnik.pl\/index.php?rest_route=%2Fwp%2Fv2%2Ftags&post=147"}],"curies":[{"name":"wp","href":"https:\/\/api.w.org\/{rel}","templated":true}]}}