{"id":19,"date":"2025-08-19T18:16:27","date_gmt":"2025-08-19T16:16:27","guid":{"rendered":"https:\/\/debickaprawnik.pl\/?page_id=19"},"modified":"2026-01-04T20:43:06","modified_gmt":"2026-01-04T19:43:06","slug":"o-mnie","status":"publish","type":"page","link":"https:\/\/debickaprawnik.pl\/?page_id=19","title":{"rendered":"O mnie"},"content":{"rendered":"\t\t<div data-elementor-type=\"wp-page\" data-elementor-id=\"19\" class=\"elementor elementor-19\">\n\t\t\t\t<div class=\"elementor-element elementor-element-2007bef e-con-full e-flex e-con e-parent\" data-id=\"2007bef\" data-element_type=\"container\">\n\t\t\t\t<div class=\"elementor-element elementor-element-d7c600f elementor-widget elementor-widget-image\" data-id=\"d7c600f\" data-element_type=\"widget\" data-widget_type=\"image.default\">\n\t\t\t\t\t\t\t\t\t\t\t\t\t\t\t<img fetchpriority=\"high\" decoding=\"async\" width=\"697\" height=\"662\" src=\"https:\/\/debickaprawnik.pl\/wp-content\/uploads\/2025\/08\/PHOTO-1-1.jpg\" class=\"attachment-large size-large wp-image-78\" alt=\"\" srcset=\"https:\/\/debickaprawnik.pl\/wp-content\/uploads\/2025\/08\/PHOTO-1-1.jpg 697w, https:\/\/debickaprawnik.pl\/wp-content\/uploads\/2025\/08\/PHOTO-1-1-300x285.jpg 300w\" sizes=\"(max-width: 697px) 100vw, 697px\" \/>\t\t\t\t\t\t\t\t\t\t\t\t\t\t\t<\/div>\n\t\t\t\t<\/div>\n\t\t<div class=\"elementor-element elementor-element-4bd8c3e e-con-full e-flex e-con e-parent\" data-id=\"4bd8c3e\" data-element_type=\"container\">\n\t\t\t\t<div class=\"elementor-element elementor-element-4069e459 elementor-widget elementor-widget-text-editor\" data-id=\"4069e459\" data-element_type=\"widget\" data-widget_type=\"text-editor.default\">\n\t\t\t\t\t\t\t\t\t<h3 data-start=\"276\" data-end=\"438\">Nazywam si\u0119 <strong>Joanna D\u0119bicka<\/strong> i na co dzie\u0144 doradzam w obszarze prawa w\u0142asno\u015bci intelektualnej, pomagaj\u0105c zar\u00f3wno indywidualnym tw\u00f3rcom, jak i przedsi\u0119biorcom.<\/h3>\n<h3 data-start=\"440\" data-end=\"764\"><strong><em>Prawo dla wizjoner\u00f3w<\/em> to moja odpowied\u017a na potrzeby tw\u00f3rc\u00f3w, innowator\u00f3w i przedsi\u0119biorc\u00f3w, kt\u00f3rzy chc\u0105 \u015bwiadomie zarz\u0105dza\u0107 prawami autorskimi i umowami.<\/strong><\/h3>\n<h3 data-start=\"440\" data-end=\"764\">Pomagam porz\u0105dkowa\u0107 kwestie prawne zwi\u0105zane z tw\u00f3rczo\u015bci\u0105, technologi\u0105 i biznesem, tak aby decyzje by\u0142y podejmowane spokojnie i z pe\u0142nym zrozumieniem konsekwencji.<\/h3>\n<h3 data-start=\"766\" data-end=\"784\">W czym pomagam:<\/h3>\n<ul data-start=\"785\" data-end=\"1232\">\n<li data-start=\"785\" data-end=\"883\">\n<h3 data-start=\"787\" data-end=\"883\">Tworzenie i analiza um\u00f3w licencyjnych i innych dokument\u00f3w zwi\u0105zanych z prawami autorskimi<\/h3>\n<\/li>\n<li data-start=\"884\" data-end=\"974\">\n<h3 data-start=\"886\" data-end=\"974\">Identyfikacja i minimalizacja ryzyka prawnego w zakresie w\u0142asno\u015bci intelektualnej<\/h3>\n<\/li>\n<li data-start=\"975\" data-end=\"1098\">\n<h3 data-start=\"977\" data-end=\"1098\">Doradztwo dla tw\u00f3rc\u00f3w, artyst\u00f3w, startup\u00f3w i przedsi\u0119biorc\u00f3w w kwestiach praktycznego stosowania prawa autorskiego<\/h3>\n<\/li>\n<li data-start=\"975\" data-end=\"1098\">\n<h3 data-start=\"1458\" data-end=\"1887\">Wyja\u015bniam kwestie prawne w spos\u00f3b zrozumia\u0142y i przyst\u0119pny, bez nadmiaru skomplikowanego \u017cargonu.<\/h3>\n<\/li>\n<\/ul>\n<h3 data-start=\"1234\" data-end=\"1437\">Dzi\u0119ki praktyce w projektach technologicznych i biznesowych rozumiem specyfik\u0119 pracy w bran\u017cy kreatywnej i IT, co pozwala dostosowa\u0107 rozwi\u0105zania prawne do dynamicznie zmieniaj\u0105cych si\u0119 potrzeb klienta.<\/h3>\n<h3 data-start=\"1439\" data-end=\"1457\">Dlaczego warto?<\/h3>\n<h3 data-start=\"1458\" data-end=\"1887\">Chc\u0119, aby ka\u017cdy tw\u00f3rca i przedsi\u0119biorca czu\u0142 si\u0119 pewnie, wiedz\u0105c, \u017ce jego prawa s\u0105 odpowiednio zabezpieczone.<br data-start=\"1567\" data-end=\"1570\" \/>Z pe\u0142nym zaanga\u017cowaniem, krok po kroku, doradzam w zakresie ochrony prawnej pracy \u2013 od stworzenia odpowiednich um\u00f3w po wsparcie w przypadku w\u0105tpliwo\u015bci prawnych.<\/h3>\t\t\t\t\t\t\t\t<\/div>\n\t\t\t\t<\/div>\n\t\t\t\t<\/div>\n\t\t","protected":false},"excerpt":{"rendered":"<p>Nazywam si\u0119 Joanna D\u0119bicka i na co dzie\u0144 doradzam w obszarze prawa w\u0142asno\u015bci intelektualnej, pomagaj\u0105c zar\u00f3wno indywidualnym tw\u00f3rcom, jak i przedsi\u0119biorcom. Prawo dla wizjoner\u00f3w to moja odpowied\u017a na potrzeby tw\u00f3rc\u00f3w, innowator\u00f3w i przedsi\u0119biorc\u00f3w, kt\u00f3rzy chc\u0105 \u015bwiadomie zarz\u0105dza\u0107 prawami autorskimi i umowami. Pomagam porz\u0105dkowa\u0107 kwestie prawne zwi\u0105zane z tw\u00f3rczo\u015bci\u0105, technologi\u0105 i biznesem, tak aby decyzje by\u0142y&hellip;<\/p>\n<p class=\"more-link\"><a href=\"https:\/\/debickaprawnik.pl\/?page_id=19\" class=\"themebutton2\">Read More<\/a><\/p>\n","protected":false},"author":1,"featured_media":0,"parent":0,"menu_order":0,"comment_status":"closed","ping_status":"closed","template":"","meta":{"om_disable_all_campaigns":false,"_monsterinsights_skip_tracking":false,"_monsterinsights_sitenote_active":false,"_monsterinsights_sitenote_note":"","_monsterinsights_sitenote_category":0,"footnotes":""},"categories":[],"tags":[],"class_list":["post-19","page","type-page","status-publish","hentry"],"aioseo_notices":[],"_links":{"self":[{"href":"https:\/\/debickaprawnik.pl\/index.php?rest_route=\/wp\/v2\/pages\/19","targetHints":{"allow":["GET"]}}],"collection":[{"href":"https:\/\/debickaprawnik.pl\/index.php?rest_route=\/wp\/v2\/pages"}],"about":[{"href":"https:\/\/debickaprawnik.pl\/index.php?rest_route=\/wp\/v2\/types\/page"}],"author":[{"embeddable":true,"href":"https:\/\/debickaprawnik.pl\/index.php?rest_route=\/wp\/v2\/users\/1"}],"replies":[{"embeddable":true,"href":"https:\/\/debickaprawnik.pl\/index.php?rest_route=%2Fwp%2Fv2%2Fcomments&post=19"}],"version-history":[{"count":32,"href":"https:\/\/debickaprawnik.pl\/index.php?rest_route=\/wp\/v2\/pages\/19\/revisions"}],"predecessor-version":[{"id":483,"href":"https:\/\/debickaprawnik.pl\/index.php?rest_route=\/wp\/v2\/pages\/19\/revisions\/483"}],"wp:attachment":[{"href":"https:\/\/debickaprawnik.pl\/index.php?rest_route=%2Fwp%2Fv2%2Fmedia&parent=19"}],"wp:term":[{"taxonomy":"category","embeddable":true,"href":"https:\/\/debickaprawnik.pl\/index.php?rest_route=%2Fwp%2Fv2%2Fcategories&post=19"},{"taxonomy":"post_tag","embeddable":true,"href":"https:\/\/debickaprawnik.pl\/index.php?rest_route=%2Fwp%2Fv2%2Ftags&post=19"}],"curies":[{"name":"wp","href":"https:\/\/api.w.org\/{rel}","templated":true}]}}