{"id":21,"date":"2025-08-19T18:16:28","date_gmt":"2025-08-19T16:16:28","guid":{"rendered":"https:\/\/debickaprawnik.pl\/?page_id=21"},"modified":"2026-01-06T15:40:45","modified_gmt":"2026-01-06T14:40:45","slug":"uslugi","status":"publish","type":"page","link":"https:\/\/debickaprawnik.pl\/?page_id=21","title":{"rendered":"Us\u0142ugi"},"content":{"rendered":"\t\t<div data-elementor-type=\"wp-page\" data-elementor-id=\"21\" class=\"elementor elementor-21\">\n\t\t\t\t<div class=\"elementor-element elementor-element-4d03266 e-grid e-con-boxed e-con e-parent\" data-id=\"4d03266\" data-element_type=\"container\">\n\t\t\t\t\t<div class=\"e-con-inner\">\n\t\t\t\t<div class=\"elementor-element elementor-element-bb5c8e1 elementor-widget elementor-widget-text-editor\" data-id=\"bb5c8e1\" data-element_type=\"widget\" data-widget_type=\"text-editor.default\">\n\t\t\t\t\t\t\t\t\t<h1 class=\"elementor-heading-title elementor-size-default\"><a href=\"https:\/\/debickaprawnik.pl\/?page_id=141\"><strong>Porady Prawne<\/strong><\/a><\/h1><h6>porady prawne online dla tw\u00f3rc\u00f3w w zakresie prawa autorskiego<\/h6><h3>Masz w\u0105tpliwo\u015bci prawne? Potrzebujesz szybkiej i pewnej odpowiedzi? Oferuj\u0119 porad\u0119 prawn\u0105 online \u2013 konkretnie, zrozumiale i wprost do Twojej skrzynki. Dla tw\u00f3rc\u00f3w, przedsi\u0119biorc\u00f3w, innowator\u00f3w i architekt\u00f3w, kt\u00f3rzy chc\u0105 dzia\u0142a\u0107 legalnie i bezpiecznie.<\/h3><h4><a href=\"https:\/\/debickaprawnik.pl\/?page_id=141\">Skorzystaj z us\u0142ugi<\/a><\/h4>\t\t\t\t\t\t\t\t<\/div>\n\t\t\t\t<div class=\"elementor-element elementor-element-796a209 elementor-widget elementor-widget-text-editor\" data-id=\"796a209\" data-element_type=\"widget\" data-widget_type=\"text-editor.default\">\n\t\t\t\t\t\t\t\t\t<h1 class=\"page-title\"><strong><a href=\"https:\/\/debickaprawnik.pl\/?page_id=145\">Projektowanie um\u00f3w<\/a><\/strong><\/h1><h6>projektowanie um\u00f3w IT i AI dla tw\u00f3rc\u00f3w i innowator\u00f3w<\/h6><h3>Planujesz wsp\u00f3\u0142prac\u0119, sprzeda\u017c, wdro\u017cenie? Potrzebujesz dobrze napisanej umowy, kt\u00f3ra zabezpieczy Tw\u00f3j interes? Projektuj\u0119 umowy od zera \u2013 szyte na miar\u0119, dopasowane do Twojego modelu dzia\u0142ania i jasne dla obu stron.<\/h3><h4><a href=\"https:\/\/debickaprawnik.pl\/?page_id=145\">Skorzystaj z us\u0142ugi<\/a><\/h4>\t\t\t\t\t\t\t\t<\/div>\n\t\t\t\t<div class=\"elementor-element elementor-element-1dec4f5 elementor-widget elementor-widget-text-editor\" data-id=\"1dec4f5\" data-element_type=\"widget\" data-widget_type=\"text-editor.default\">\n\t\t\t\t\t\t\t\t\t<h1 class=\"elementor-heading-title elementor-size-default\"><strong><a href=\"https:\/\/debickaprawnik.pl\/?page_id=143\">Analiza i korekta um\u00f3w<\/a><\/strong><\/h1><h6>sprawdzenie i korekta um\u00f3w online dla tw\u00f3rc\u00f3w i startup\u00f3w<\/h6><h3>Masz ju\u017c umow\u0119 i nie masz pewno\u015bci czy jest dla Ciebie korzystna? Sprawdz\u0119 j\u0105 dla Ciebie pod k\u0105tem ryzyk, niejasnych zapis\u00f3w i brak\u00f3w oraz jasno wska\u017c\u0119 co wymaga poprawy. \u00a0 \u00a0 \u00a0 \u00a0 \u00a0<\/h3><h4><a href=\"https:\/\/debickaprawnik.pl\/?page_id=143\">Skorzystaj z us\u0142ugi<\/a><\/h4><h3>\u00a0<\/h3>\t\t\t\t\t\t\t\t<\/div>\n\t\t\t\t<div class=\"elementor-element elementor-element-064f068 elementor-widget elementor-widget-text-editor\" data-id=\"064f068\" data-element_type=\"widget\" data-widget_type=\"text-editor.default\">\n\t\t\t\t\t\t\t\t\t<h2 class=\"elementor-heading-title elementor-size-default\"><strong><a href=\"https:\/\/debickaprawnik.pl\/?page_id=147\">Sta\u0142a obs\u0142uga prawna<\/a><\/strong><\/h2><h6>bezpieczne prowadzenie projekt\u00f3w z pomoc\u0105 prawnika online<\/h6><h3>Prowadzisz startup, software house, tworzysz produkty cyfrowe lub projekty architektoniczne? W ramach sta\u0142ej wsp\u00f3\u0142pracy otrzymujesz dost\u0119p do prawniczki, kt\u00f3ra zna Tw\u00f3j biznes, rozumie ryzyka bran\u017cy i dzia\u0142a proaktywnie. Bez umawiania si\u0119 na ka\u017cd\u0105 drobn\u0105 spraw\u0119.<\/h3><h4><a href=\"https:\/\/debickaprawnik.pl\/?page_id=147\">Skorzystaj z us\u0142ugi<\/a><\/h4>\t\t\t\t\t\t\t\t<\/div>\n\t\t\t\t\t<\/div>\n\t\t\t\t<\/div>\n\t\t\t\t<\/div>\n\t\t","protected":false},"excerpt":{"rendered":"<p>Porady Prawne porady prawne online dla tw\u00f3rc\u00f3w w zakresie prawa autorskiego Masz w\u0105tpliwo\u015bci prawne? Potrzebujesz szybkiej i pewnej odpowiedzi? Oferuj\u0119 porad\u0119 prawn\u0105 online \u2013 konkretnie, zrozumiale i wprost do Twojej skrzynki. Dla tw\u00f3rc\u00f3w, przedsi\u0119biorc\u00f3w, innowator\u00f3w i architekt\u00f3w, kt\u00f3rzy chc\u0105 dzia\u0142a\u0107 legalnie i bezpiecznie. Skorzystaj z us\u0142ugi Projektowanie um\u00f3w projektowanie um\u00f3w IT i AI dla tw\u00f3rc\u00f3w&hellip;<\/p>\n<p class=\"more-link\"><a href=\"https:\/\/debickaprawnik.pl\/?page_id=21\" class=\"themebutton2\">Read More<\/a><\/p>\n","protected":false},"author":1,"featured_media":0,"parent":0,"menu_order":0,"comment_status":"closed","ping_status":"closed","template":"","meta":{"om_disable_all_campaigns":false,"_monsterinsights_skip_tracking":false,"_monsterinsights_sitenote_active":false,"_monsterinsights_sitenote_note":"","_monsterinsights_sitenote_category":0,"footnotes":""},"categories":[],"tags":[],"class_list":["post-21","page","type-page","status-publish","hentry"],"aioseo_notices":[],"_links":{"self":[{"href":"https:\/\/debickaprawnik.pl\/index.php?rest_route=\/wp\/v2\/pages\/21","targetHints":{"allow":["GET"]}}],"collection":[{"href":"https:\/\/debickaprawnik.pl\/index.php?rest_route=\/wp\/v2\/pages"}],"about":[{"href":"https:\/\/debickaprawnik.pl\/index.php?rest_route=\/wp\/v2\/types\/page"}],"author":[{"embeddable":true,"href":"https:\/\/debickaprawnik.pl\/index.php?rest_route=\/wp\/v2\/users\/1"}],"replies":[{"embeddable":true,"href":"https:\/\/debickaprawnik.pl\/index.php?rest_route=%2Fwp%2Fv2%2Fcomments&post=21"}],"version-history":[{"count":37,"href":"https:\/\/debickaprawnik.pl\/index.php?rest_route=\/wp\/v2\/pages\/21\/revisions"}],"predecessor-version":[{"id":548,"href":"https:\/\/debickaprawnik.pl\/index.php?rest_route=\/wp\/v2\/pages\/21\/revisions\/548"}],"wp:attachment":[{"href":"https:\/\/debickaprawnik.pl\/index.php?rest_route=%2Fwp%2Fv2%2Fmedia&parent=21"}],"wp:term":[{"taxonomy":"category","embeddable":true,"href":"https:\/\/debickaprawnik.pl\/index.php?rest_route=%2Fwp%2Fv2%2Fcategories&post=21"},{"taxonomy":"post_tag","embeddable":true,"href":"https:\/\/debickaprawnik.pl\/index.php?rest_route=%2Fwp%2Fv2%2Ftags&post=21"}],"curies":[{"name":"wp","href":"https:\/\/api.w.org\/{rel}","templated":true}]}}