{"id":352,"date":"2025-08-23T17:53:13","date_gmt":"2025-08-23T15:53:13","guid":{"rendered":"https:\/\/debickaprawnik.pl\/?page_id=352"},"modified":"2026-01-06T15:31:53","modified_gmt":"2026-01-06T14:31:53","slug":"cennik","status":"publish","type":"page","link":"https:\/\/debickaprawnik.pl\/?page_id=352","title":{"rendered":"Cennik"},"content":{"rendered":"\t\t<div data-elementor-type=\"wp-page\" data-elementor-id=\"352\" class=\"elementor elementor-352\">\n\t\t\t\t<div class=\"elementor-element elementor-element-b4fa29c e-flex e-con-boxed e-con e-parent\" data-id=\"b4fa29c\" data-element_type=\"container\">\n\t\t\t\t\t<div class=\"e-con-inner\">\n\t\t<div class=\"elementor-element elementor-element-2293dab e-con-full e-flex e-con e-child\" data-id=\"2293dab\" data-element_type=\"container\">\n\t\t\t\t<div class=\"elementor-element elementor-element-67c17c2 elementor-widget elementor-widget-heading\" data-id=\"67c17c2\" data-element_type=\"widget\" data-widget_type=\"heading.default\">\n\t\t\t\t\t<h2 class=\"elementor-heading-title elementor-size-default\"><a href=\"https:\/\/debickaprawnik.pl\/?page_id=141\">Porada prawna on-line<\/a><\/h2>\t\t\t\t<\/div>\n\t\t\t\t<div class=\"elementor-element elementor-element-78b431a elementor-widget elementor-widget-text-editor\" data-id=\"78b431a\" data-element_type=\"widget\" data-widget_type=\"text-editor.default\">\n\t\t\t\t\t\t\t\t\t<h5>Masz w\u0105tpliwo\u015bci prawne? Potrzebujesz szybkiej i pewnej odpowiedzi? Oferuj\u0119 porad\u0119 prawn\u0105 online \u2013 konkretnie, zrozumiale i wprost do Twojej skrzynki. Dla tw\u00f3rc\u00f3w, przedsi\u0119biorc\u00f3w, innowator\u00f3w i architekt\u00f3w, kt\u00f3rzy chc\u0105 dzia\u0142a\u0107 legalnie i bezpiecznie. \u00a0<\/h5><h4><strong>Cena: 249 z\u0142\u00a0<\/strong>\/ porada<\/h4><h4><strong data-start=\"630\" data-end=\"651\">Wykonanie us\u0142ugi:<\/strong> 1 dzie\u0144 roboczy<\/h4>\t\t\t\t\t\t\t\t<\/div>\n\t\t\t\t<\/div>\n\t\t<div class=\"elementor-element elementor-element-d439de8 e-con-full e-flex e-con e-child\" data-id=\"d439de8\" data-element_type=\"container\">\n\t\t\t\t<div class=\"elementor-element elementor-element-5228099 elementor-widget elementor-widget-heading\" data-id=\"5228099\" data-element_type=\"widget\" data-widget_type=\"heading.default\">\n\t\t\t\t\t<h2 class=\"elementor-heading-title elementor-size-default\"><a href=\"https:\/\/debickaprawnik.pl\/?page_id=145\">Tworzenie um\u00f3w<\/a><\/h2>\t\t\t\t<\/div>\n\t\t\t\t<div class=\"elementor-element elementor-element-90171b7 elementor-widget elementor-widget-text-editor\" data-id=\"90171b7\" data-element_type=\"widget\" data-widget_type=\"text-editor.default\">\n\t\t\t\t\t\t\t\t\t<h5>Tworz\u0119 umowy w pe\u0142ni dopasowane do potrzeb Twoich i Twojego projektu \u2013 tw\u00f3rczego lub technologicznego. Wszystko online, szybko i bezpiecznie.\u00a0<\/h5><h4><strong>Cena: od 249 z\u0142<\/strong><\/h4><h4><strong data-start=\"630\" data-end=\"651\">Wykonanie us\u0142ugi:<\/strong> 1\u20135 dni roboczych<\/h4><h4>\u00a0<\/h4>\t\t\t\t\t\t\t\t<\/div>\n\t\t\t\t<\/div>\n\t\t<div class=\"elementor-element elementor-element-731fe70 e-con-full e-flex e-con e-child\" data-id=\"731fe70\" data-element_type=\"container\">\n\t\t\t\t<div class=\"elementor-element elementor-element-e94c743 elementor-widget elementor-widget-heading\" data-id=\"e94c743\" data-element_type=\"widget\" data-widget_type=\"heading.default\">\n\t\t\t\t\t<h2 class=\"elementor-heading-title elementor-size-default\"><a href=\"https:\/\/debickaprawnik.pl\/?page_id=143\">Analiza i korekta um\u00f3w<\/a><\/h2>\t\t\t\t<\/div>\n\t\t\t\t<div class=\"elementor-element elementor-element-145ac6e elementor-widget elementor-widget-text-editor\" data-id=\"145ac6e\" data-element_type=\"widget\" data-widget_type=\"text-editor.default\">\n\t\t\t\t\t\t\t\t\t<h5>Sprawdzam i weryfikuj\u0119 umowy, aby\u015b unikn\u0105\u0142 ryzyka i nieporozumie\u0144. Bezpieczne dzia\u0142anie bez zb\u0119dnego stresu.<\/h5><h4><strong>Cena: 199 z\u0142<\/strong><\/h4><h4><strong data-start=\"630\" data-end=\"651\">Wykonanie us\u0142ugi:<\/strong> 1\u20133 dni robocze<\/h4><p>\u00a0<\/p>\t\t\t\t\t\t\t\t<\/div>\n\t\t\t\t<\/div>\n\t\t<div class=\"elementor-element elementor-element-9fc7e87 e-con-full e-flex e-con e-child\" data-id=\"9fc7e87\" data-element_type=\"container\">\n\t\t\t\t<div class=\"elementor-element elementor-element-012b6ad elementor-widget elementor-widget-heading\" data-id=\"012b6ad\" data-element_type=\"widget\" data-widget_type=\"heading.default\">\n\t\t\t\t\t<h2 class=\"elementor-heading-title elementor-size-default\"><a href=\"https:\/\/debickaprawnik.pl\/?page_id=147\">Sta\u0142a obs\u0142uga prawna<\/a><\/h2>\t\t\t\t<\/div>\n\t\t\t\t<div class=\"elementor-element elementor-element-d705c75 elementor-widget elementor-widget-text-editor\" data-id=\"d705c75\" data-element_type=\"widget\" data-widget_type=\"text-editor.default\">\n\t\t\t\t\t\t\t\t\t<h5>Kompleksowe wsparcie online \u2013 bezpiecze\u0144stwo Twoich projekt\u00f3w przez ca\u0142y czas.<\/h5><h4><strong>Cena:\u00a0<\/strong>ustalana indywidualnie<\/h4><p>\u00a0<\/p><h5>\u00a0<\/h5>\t\t\t\t\t\t\t\t<\/div>\n\t\t\t\t<\/div>\n\t\t\t\t\t<\/div>\n\t\t\t\t<\/div>\n\t\t\t\t<\/div>\n\t\t","protected":false},"excerpt":{"rendered":"<p>Porada prawna on-line Masz w\u0105tpliwo\u015bci prawne? Potrzebujesz szybkiej i pewnej odpowiedzi? Oferuj\u0119 porad\u0119 prawn\u0105 online \u2013 konkretnie, zrozumiale i wprost do Twojej skrzynki. Dla tw\u00f3rc\u00f3w, przedsi\u0119biorc\u00f3w, innowator\u00f3w i architekt\u00f3w, kt\u00f3rzy chc\u0105 dzia\u0142a\u0107 legalnie i bezpiecznie. \u00a0 Cena: 249 z\u0142\u00a0\/ porada Wykonanie us\u0142ugi: 1 dzie\u0144 roboczy Tworzenie um\u00f3w Tworz\u0119 umowy w pe\u0142ni dopasowane do potrzeb Twoich&hellip;<\/p>\n<p class=\"more-link\"><a href=\"https:\/\/debickaprawnik.pl\/?page_id=352\" class=\"themebutton2\">Read More<\/a><\/p>\n","protected":false},"author":1,"featured_media":0,"parent":0,"menu_order":0,"comment_status":"closed","ping_status":"closed","template":"","meta":{"om_disable_all_campaigns":false,"_monsterinsights_skip_tracking":false,"_monsterinsights_sitenote_active":false,"_monsterinsights_sitenote_note":"","_monsterinsights_sitenote_category":0,"footnotes":""},"categories":[],"tags":[],"class_list":["post-352","page","type-page","status-publish","hentry"],"aioseo_notices":[],"_links":{"self":[{"href":"https:\/\/debickaprawnik.pl\/index.php?rest_route=\/wp\/v2\/pages\/352","targetHints":{"allow":["GET"]}}],"collection":[{"href":"https:\/\/debickaprawnik.pl\/index.php?rest_route=\/wp\/v2\/pages"}],"about":[{"href":"https:\/\/debickaprawnik.pl\/index.php?rest_route=\/wp\/v2\/types\/page"}],"author":[{"embeddable":true,"href":"https:\/\/debickaprawnik.pl\/index.php?rest_route=\/wp\/v2\/users\/1"}],"replies":[{"embeddable":true,"href":"https:\/\/debickaprawnik.pl\/index.php?rest_route=%2Fwp%2Fv2%2Fcomments&post=352"}],"version-history":[{"count":25,"href":"https:\/\/debickaprawnik.pl\/index.php?rest_route=\/wp\/v2\/pages\/352\/revisions"}],"predecessor-version":[{"id":545,"href":"https:\/\/debickaprawnik.pl\/index.php?rest_route=\/wp\/v2\/pages\/352\/revisions\/545"}],"wp:attachment":[{"href":"https:\/\/debickaprawnik.pl\/index.php?rest_route=%2Fwp%2Fv2%2Fmedia&parent=352"}],"wp:term":[{"taxonomy":"category","embeddable":true,"href":"https:\/\/debickaprawnik.pl\/index.php?rest_route=%2Fwp%2Fv2%2Fcategories&post=352"},{"taxonomy":"post_tag","embeddable":true,"href":"https:\/\/debickaprawnik.pl\/index.php?rest_route=%2Fwp%2Fv2%2Ftags&post=352"}],"curies":[{"name":"wp","href":"https:\/\/api.w.org\/{rel}","templated":true}]}}